{"id":28962,"date":"2020-07-30T10:23:08","date_gmt":"2020-07-30T10:23:08","guid":{"rendered":"https:\/\/v2.ecomnewsmed.com.ecn-01.ovea.com\/about-us\/"},"modified":"2020-12-23T19:26:45","modified_gmt":"2020-12-23T17:26:45","slug":"about-us","status":"publish","type":"page","link":"https:\/\/www.ecomnewsmed.com\/en\/about-us\/","title":{"rendered":"About us"},"content":{"rendered":"<section class=\"ps-module ps-module--text\">\n  <div class=\"ps-module__body\">\n    <div class=\"ps-module__content\">\n      \n<p><span class=\"s1\"><strong>Ecomnews Med<\/strong>\u00a0is a digital press platform attaching a great importance to the journalistic quality and the accuracy of the information serving the economic news on decision makers, enterprises, collectivities and South Mediterranean countries connected to social networks. The website is dealing with the Economic Union of the Mediterranean covering eight countries:\u00a0<strong>Morocco, Algeria, Tunisia, Egypt, Lebanon, Israel, Turkey and Libya<\/strong>. Furthermore This interactive platform also analyzes all the links and exchanges between the two shores of the Mediterranean, thanks to Ecomnews, economic information platform for the Great South of France <\/span><a href=\"http:\/\/www.ecomnews.fr\">www.ecomnews.fr<\/a> <span class=\"s1\">and Africa with <\/span><a href=\"http:\/\/www.ecomnewsafrique.com\">www.ecomnewsafrique.com<\/a><span class=\"s1\">.<\/span><\/p>\n\n    <\/div>\n  <\/div>\n<\/section>\n<section class=\"ps-module ps-module--text\">\n  <div class=\"ps-module__body\">\n    <div class=\"ps-module__content\">\n      \n<p class=\"p1\"><span class=\"s1\">Ecomnews Med is an affiliate product from Ecomnews born in the BIC Montpellier incubator, the 2nd worldwide incubator, after the UBI Global ranking 2017.<\/span><\/p>\n\n    <\/div>\n  <\/div>\n<\/section>\n<section class=\"ps-module ps-module--text\">\n  <div class=\"ps-module__body\">\n    <div class=\"ps-module__content\">\n      \n<p class=\"p1\"><strong>Head office<\/strong><\/p>\n\n    <\/div>\n  <\/div>\n<\/section>\n<section class=\"ps-module ps-module--text\">\n  <div class=\"ps-module__body\">\n    <div class=\"ps-module__content\">\n      \n<p class=\"p2\"><span class=\"s2\">&gt;&nbsp;Website&nbsp;:&nbsp;<a href=\"http:\/\/ecomnewsmed.com\/\"><span class=\"s3\">ecomnewsmed.com<\/span><\/a><\/span><\/p>\n\n    <\/div>\n  <\/div>\n<\/section>\n<section class=\"ps-module ps-module--text\">\n  <div class=\"ps-module__body\">\n    <div class=\"ps-module__content\">\n      \n<p class=\"p2\"><span class=\"s2\">&gt;&nbsp;Email :&nbsp;<a href=\"mailto:contact@ecomnewsmed.com\"><span class=\"s3\">contact@ecomnewsmed.com<\/span><\/a><\/span><\/p>\n\n    <\/div>\n  <\/div>\n<\/section>\n<section class=\"ps-module ps-module--text\">\n  <div class=\"ps-module__body\">\n    <div class=\"ps-module__content\">\n      \n<p class=\"p2\"><span class=\"s2\">&gt; Editorial&nbsp;staff&nbsp;:&nbsp;<a href=\"mailto:redaction@ecomnewsmed.com\"><span class=\"s3\">redaction@ecomnewsmed.com<\/span><\/a><\/span><\/p>\n\n    <\/div>\n  <\/div>\n<\/section>\n<section class=\"ps-module ps-module--text\">\n  <div class=\"ps-module__body\">\n    <div class=\"ps-module__content\">\n      \n<p class=\"p1\"><span class=\"s1\">&gt; Postal&nbsp;Adress&nbsp;:&nbsp;Cap Omega,&nbsp;rond&nbsp;point Benjamin Franklin, CS 39 521, 34960 Montpellier FRANCE<\/span><\/p>\n\n    <\/div>\n  <\/div>\n<\/section>\n<section class=\"ps-module ps-module--text\">\n  <div class=\"ps-module__body\">\n    <div class=\"ps-module__content\">\n      \n<p class=\"p1\"><span class=\"s1\">&gt; Phone number&nbsp;: +33 (0)4 67 47 70 95<\/span><\/p>\n\n    <\/div>\n  <\/div>\n<\/section>\n<section class=\"ps-module ps-module--text\">\n  <div class=\"ps-module__body\">\n    <div class=\"ps-module__content\">\n      \n<p><strong>News&nbsp;<\/strong><\/p>\n\n    <\/div>\n  <\/div>\n<\/section>\n<section class=\"ps-module ps-module--text\">\n  <div class=\"ps-module__body\">\n    <div class=\"ps-module__content\">\n      \n<p><a rel=\"noreferrer noopener\" href=\"https:\/\/www.entreprendre-montpellier.com\/fr\/actualites\/la-start-ecomnews-lance-ecomnews-afrique\" target=\"_blank\">Ecomnews Med lance Ecomnews Afrique !<\/a><br><a rel=\"noreferrer noopener\" href=\"https:\/\/www.youtube.com\/watch?v=uwuEORowkH0&amp;feature=youtu.be&amp;fbclid=IwAR2OsmsNQLYTfGEjYkW0WTTTRKu0eqceIIInTe1MvjpQULSnWI4y_8WV5Us\" target=\"_blank\">&nbsp;Lancement d&#8217;Ecomnews Afrique : Interview de Fran\u00e7ois Font\u00e8s, pr\u00e9sident d&#8217; Ecomnews&nbsp;&#8211; Ecomnews Med<\/a><\/p>\n\n    <\/div>\n  <\/div>\n<\/section>\n<section class=\"ps-module ps-module--text\">\n  <div class=\"ps-module__body\">\n    <div class=\"ps-module__content\">\n      \n<p><a href=\"https:\/\/heraultjuridique.com\/entreprises\/ecomnews-lance-son-site-dedie-a-lafrique-en-decembre\/\">https:\/\/heraultjuridique.com\/entreprises\/ecomnews-lance-son-site-dedie-a-lafrique-en-decembre\/<\/a><\/p>\n\n    <\/div>\n  <\/div>\n<\/section>\n<section class=\"ps-module ps-module--text\">\n  <div class=\"ps-module__body\">\n    <div class=\"ps-module__content\">\n      \n<p><a href=\"https:\/\/heraultjuridique.com\/decideurs\/denys-bedarride-du-journal-de-lemploi-a-ecomnews-afrique\/\">https:\/\/heraultjuridique.com\/decideurs\/denys-bedarride-du-journal-de-lemploi-a-ecomnews-afrique\/<\/a><\/p>\n\n    <\/div>\n  <\/div>\n<\/section>\n<section class=\"ps-module ps-module--text\">\n  <div class=\"ps-module__body\">\n    <div class=\"ps-module__content\">\n      \n<p><\/p>\n\n    <\/div>\n  <\/div>\n<\/section>\n<section class=\"ps-module ps-module--image\">\n  <div class=\"ps-module__body\">\n    <figure class=\"ps-module__content\">\n\t\t\t\t\t<img decoding=\"async\" src=\"https:\/\/www.ecomnewsmed.com\/app\/uploads\/2020\/05\/200x200xdenys_bedarride_ecomnewsmed.png.pagespeed.ic_.cN1x-jqWo6.png\" srcset=\"https:\/\/www.ecomnewsmed.com\/app\/uploads\/2020\/05\/200x200xdenys_bedarride_ecomnewsmed.png.pagespeed.ic_.cN1x-jqWo6.png 1280w\" alt=\"Qui sommes-nous ? 1\">\n<figcaption class=\"textimage__label\"><\/figcaption>\n\t\t    <\/figure>\n  <\/div>\n<\/section>\n<section class=\"ps-module ps-module--image\">\n  <div class=\"ps-module__body\">\n    <figure class=\"ps-module__content\">\n\t\t\t\t\t<img decoding=\"async\" src=\"https:\/\/www.ecomnewsmed.com\/app\/uploads\/2020\/05\/194x195xgentit-philippine-office-manager.png.pagespeed.ic_.mSf5KcQBvw.png\" srcset=\"https:\/\/www.ecomnewsmed.com\/app\/uploads\/2020\/05\/194x195xgentit-philippine-office-manager.png.pagespeed.ic_.mSf5KcQBvw.png 1280w\" alt=\"Qui sommes-nous ?\">\n<figcaption class=\"textimage__label\"><\/figcaption>\n\t\t    <\/figure>\n  <\/div>\n<\/section>\n<section class=\"ps-module ps-module--image\">\n  <div class=\"ps-module__body\">\n    <figure class=\"ps-module__content\">\n\t\t    <\/figure>\n  <\/div>\n<\/section>\n<section class=\"ps-module ps-module--text\">\n  <div class=\"ps-module__body\">\n    <div class=\"ps-module__content\">\n      \n<p><span class=\"s1\"><strong>\n<\/strong><\/span><\/p>\n\n    <\/div>\n  <\/div>\n<\/section>\n  <section class=\"ps-module ps-module--youtube\">\n    <div class=\"ps-module__container\">\n      <div class=\"ps-module__body\">\n        <div class=\"ps-module__item\">\n          \n<figure class=\"wp-block-embed-youtube wp-block-embed is-type-video is-provider-youtube wp-embed-aspect-16-9 wp-has-aspect-ratio\"><div class=\"wp-block-embed__wrapper\">\n<iframe loading=\"lazy\" title=\"Ecomnews Med votre portail \u00e9conomique 100% connect\u00e9 aux pays de la M\u00e9diterran\u00e9e\" width=\"500\" height=\"281\" src=\"https:\/\/www.youtube.com\/embed\/IbABfcPiwCQ?feature=oembed&#038;modestbranding=1&#038;showinfo=0&#038;rel=0\" frameborder=\"0\" allow=\"accelerometer; autoplay; clipboard-write; encrypted-media; gyroscope; picture-in-picture; web-share\" referrerpolicy=\"strict-origin-when-cross-origin\" allowfullscreen><\/iframe>\n<\/div><\/figure>\n\n        <\/div>\n      <\/div>\n    <\/div>\n  <\/section>\n","protected":false},"excerpt":{"rendered":"<p>Ecomnews Med\u00a0is a digital press platform attaching a great importance to the journalistic quality and the accuracy of the information serving the economic news on decision makers, enterprises, collectivities and South Mediterranean countries connected to social networks. The website is dealing with the Economic Union of the Mediterranean covering eight countries:\u00a0Morocco, Algeria, Tunisia, Egypt, Lebanon, [&hellip;]<\/p>\n","protected":false},"author":1,"featured_media":0,"parent":0,"menu_order":0,"comment_status":"closed","ping_status":"closed","template":"","meta":{"_acf_changed":false,"footnotes":""},"class_list":["post-28962","page","type-page","status-publish","hentry"],"acf":[],"yoast_head":"<!-- This site is optimized with the Yoast SEO plugin v21.9.1 - https:\/\/yoast.com\/wordpress\/plugins\/seo\/ -->\n<title>About us - Ecomnews Med<\/title>\n<meta name=\"description\" content=\"About us\" \/>\n<meta name=\"robots\" content=\"index, follow, max-snippet:-1, max-image-preview:large, max-video-preview:-1\" \/>\n<link rel=\"canonical\" href=\"https:\/\/www.ecomnewsmed.com\/en\/about-us\/\" \/>\n<meta property=\"og:locale\" content=\"en_US\" \/>\n<meta property=\"og:type\" content=\"article\" \/>\n<meta property=\"og:title\" content=\"About us - Ecomnews Med\" \/>\n<meta property=\"og:description\" content=\"About us\" \/>\n<meta property=\"og:url\" content=\"https:\/\/www.ecomnewsmed.com\/en\/about-us\/\" \/>\n<meta property=\"og:site_name\" content=\"Ecomnews Med\" \/>\n<meta property=\"article:modified_time\" content=\"2020-12-23T17:26:45+00:00\" \/>\n<meta name=\"twitter:card\" content=\"summary_large_image\" \/>\n<meta name=\"twitter:label1\" content=\"Est. reading time\" \/>\n\t<meta name=\"twitter:data1\" content=\"1 minute\" \/>\n<script type=\"application\/ld+json\" class=\"yoast-schema-graph\">{\"@context\":\"https:\/\/schema.org\",\"@graph\":[{\"@type\":\"WebPage\",\"@id\":\"https:\/\/www.ecomnewsmed.com\/en\/about-us\/\",\"url\":\"https:\/\/www.ecomnewsmed.com\/en\/about-us\/\",\"name\":\"About us - Ecomnews Med\",\"isPartOf\":{\"@id\":\"https:\/\/www.ecomnewsmed.com\/en\/#website\"},\"datePublished\":\"2020-07-30T10:23:08+00:00\",\"dateModified\":\"2020-12-23T17:26:45+00:00\",\"description\":\"About us\",\"breadcrumb\":{\"@id\":\"https:\/\/www.ecomnewsmed.com\/en\/about-us\/#breadcrumb\"},\"inLanguage\":\"en-US\",\"potentialAction\":[{\"@type\":\"ReadAction\",\"target\":[\"https:\/\/www.ecomnewsmed.com\/en\/about-us\/\"]}]},{\"@type\":\"BreadcrumbList\",\"@id\":\"https:\/\/www.ecomnewsmed.com\/en\/about-us\/#breadcrumb\",\"itemListElement\":[{\"@type\":\"ListItem\",\"position\":1,\"name\":\"Accueil\",\"item\":\"https:\/\/www.ecomnewsmed.com\/en\/\"},{\"@type\":\"ListItem\",\"position\":2,\"name\":\"About us\"}]},{\"@type\":\"WebSite\",\"@id\":\"https:\/\/www.ecomnewsmed.com\/en\/#website\",\"url\":\"https:\/\/www.ecomnewsmed.com\/en\/\",\"name\":\"Ecomnews Med\",\"description\":\"Semua informasi ekonomis dalam waktu singkat.\",\"publisher\":{\"@id\":\"https:\/\/www.ecomnewsmed.com\/en\/#organization\"},\"potentialAction\":[{\"@type\":\"SearchAction\",\"target\":{\"@type\":\"EntryPoint\",\"urlTemplate\":\"https:\/\/www.ecomnewsmed.com\/en\/?s={search_term_string}\"},\"query-input\":\"required name=search_term_string\"}],\"inLanguage\":\"en-US\"},{\"@type\":\"Organization\",\"@id\":\"https:\/\/www.ecomnewsmed.com\/en\/#organization\",\"name\":\"Ecomnewsmed\",\"url\":\"https:\/\/www.ecomnewsmed.com\/en\/\",\"logo\":{\"@type\":\"ImageObject\",\"inLanguage\":\"en-US\",\"@id\":\"https:\/\/www.ecomnewsmed.com\/en\/#\/schema\/logo\/image\/\",\"url\":\"https:\/\/www.ecomnewsmed.com\/app\/uploads\/2020\/08\/ecomewsMedLogoMid.png\",\"contentUrl\":\"https:\/\/www.ecomnewsmed.com\/app\/uploads\/2020\/08\/ecomewsMedLogoMid.png\",\"width\":250,\"height\":250,\"caption\":\"Ecomnewsmed\"},\"image\":{\"@id\":\"https:\/\/www.ecomnewsmed.com\/en\/#\/schema\/logo\/image\/\"}}]}<\/script>\n<!-- \/ Yoast SEO plugin. -->","yoast_head_json":{"title":"About us - Ecomnews Med","description":"About us","robots":{"index":"index","follow":"follow","max-snippet":"max-snippet:-1","max-image-preview":"max-image-preview:large","max-video-preview":"max-video-preview:-1"},"canonical":"https:\/\/www.ecomnewsmed.com\/en\/about-us\/","og_locale":"en_US","og_type":"article","og_title":"About us - Ecomnews Med","og_description":"About us","og_url":"https:\/\/www.ecomnewsmed.com\/en\/about-us\/","og_site_name":"Ecomnews Med","article_modified_time":"2020-12-23T17:26:45+00:00","twitter_card":"summary_large_image","twitter_misc":{"Est. reading time":"1 minute"},"schema":{"@context":"https:\/\/schema.org","@graph":[{"@type":"WebPage","@id":"https:\/\/www.ecomnewsmed.com\/en\/about-us\/","url":"https:\/\/www.ecomnewsmed.com\/en\/about-us\/","name":"About us - Ecomnews Med","isPartOf":{"@id":"https:\/\/www.ecomnewsmed.com\/en\/#website"},"datePublished":"2020-07-30T10:23:08+00:00","dateModified":"2020-12-23T17:26:45+00:00","description":"About us","breadcrumb":{"@id":"https:\/\/www.ecomnewsmed.com\/en\/about-us\/#breadcrumb"},"inLanguage":"en-US","potentialAction":[{"@type":"ReadAction","target":["https:\/\/www.ecomnewsmed.com\/en\/about-us\/"]}]},{"@type":"BreadcrumbList","@id":"https:\/\/www.ecomnewsmed.com\/en\/about-us\/#breadcrumb","itemListElement":[{"@type":"ListItem","position":1,"name":"Accueil","item":"https:\/\/www.ecomnewsmed.com\/en\/"},{"@type":"ListItem","position":2,"name":"About us"}]},{"@type":"WebSite","@id":"https:\/\/www.ecomnewsmed.com\/en\/#website","url":"https:\/\/www.ecomnewsmed.com\/en\/","name":"Ecomnews Med","description":"Semua informasi ekonomis dalam waktu singkat.","publisher":{"@id":"https:\/\/www.ecomnewsmed.com\/en\/#organization"},"potentialAction":[{"@type":"SearchAction","target":{"@type":"EntryPoint","urlTemplate":"https:\/\/www.ecomnewsmed.com\/en\/?s={search_term_string}"},"query-input":"required name=search_term_string"}],"inLanguage":"en-US"},{"@type":"Organization","@id":"https:\/\/www.ecomnewsmed.com\/en\/#organization","name":"Ecomnewsmed","url":"https:\/\/www.ecomnewsmed.com\/en\/","logo":{"@type":"ImageObject","inLanguage":"en-US","@id":"https:\/\/www.ecomnewsmed.com\/en\/#\/schema\/logo\/image\/","url":"https:\/\/www.ecomnewsmed.com\/app\/uploads\/2020\/08\/ecomewsMedLogoMid.png","contentUrl":"https:\/\/www.ecomnewsmed.com\/app\/uploads\/2020\/08\/ecomewsMedLogoMid.png","width":250,"height":250,"caption":"Ecomnewsmed"},"image":{"@id":"https:\/\/www.ecomnewsmed.com\/en\/#\/schema\/logo\/image\/"}}]}},"_links":{"self":[{"href":"https:\/\/www.ecomnewsmed.com\/en\/wp-json\/wp\/v2\/pages\/28962"}],"collection":[{"href":"https:\/\/www.ecomnewsmed.com\/en\/wp-json\/wp\/v2\/pages"}],"about":[{"href":"https:\/\/www.ecomnewsmed.com\/en\/wp-json\/wp\/v2\/types\/page"}],"author":[{"embeddable":true,"href":"https:\/\/www.ecomnewsmed.com\/en\/wp-json\/wp\/v2\/users\/1"}],"replies":[{"embeddable":true,"href":"https:\/\/www.ecomnewsmed.com\/en\/wp-json\/wp\/v2\/comments?post=28962"}],"version-history":[{"count":5,"href":"https:\/\/www.ecomnewsmed.com\/en\/wp-json\/wp\/v2\/pages\/28962\/revisions"}],"predecessor-version":[{"id":31191,"href":"https:\/\/www.ecomnewsmed.com\/en\/wp-json\/wp\/v2\/pages\/28962\/revisions\/31191"}],"wp:attachment":[{"href":"https:\/\/www.ecomnewsmed.com\/en\/wp-json\/wp\/v2\/media?parent=28962"}],"curies":[{"name":"wp","href":"https:\/\/api.w.org\/{rel}","templated":true}]}}