{"id":28980,"date":"2020-07-30T17:49:03","date_gmt":"2020-07-30T17:49:03","guid":{"rendered":"https:\/\/v2.ecomnewsmed.com.ecn-01.ovea.com\/careers\/"},"modified":"2020-07-30T17:49:04","modified_gmt":"2020-07-30T17:49:04","slug":"careers","status":"publish","type":"page","link":"https:\/\/www.ecomnewsmed.com\/en\/careers\/","title":{"rendered":"Careers"},"content":{"rendered":"<section class=\"ps-module ps-module--infos\">\n  <div class=\"ps-module__body\">\n    <div class=\"ps-module__content\">\n      Ecomnews Med est une plateforme de presse \u00e9conomique num\u00e9rique bas\u00e9e \u00e0 Montpellier traitant de l\u2019actualit\u00e9 des pays du sud de la M\u00e9diterran\u00e9e (Maroc, Alg\u00e9rie, Tunisie, Egypte, Liban et Isra\u00ebl).\n    <\/div>\n  <\/div>\n<\/section>\n<section class=\"ps-block ps-block--heading\" data-animated data-toggle-class=\"in-viewport\">\n  <div class=\"ps-block__container\">\n    <div class=\"ps-block__grid\">\n      <div class=\"ps-block__content\">\n        <div class=\"ps-block__body\">\n          <div class=\"ps-block__item\">\n            \n<h2>Ecomnews Med recrute un(e) e-journaliste bilingue (anglais\/fran\u00e7ais)<\/h2>\n\n          <\/div>\n        <\/div>\n      <\/div>\n    <\/div>\n  <\/div>\n<\/section>\n<section class=\"ps-module ps-module--text\">\n  <div class=\"ps-module__body\">\n    <div class=\"ps-module__content\">\n      \n<p><strong>4 Novembre 2019 &#8211; Contrat \u00e0 Dur\u00e9e D\u00e9termin\u00e9 CDD ou Ind\u00e9termin\u00e9 CDI<\/strong><\/p>\n\n    <\/div>\n  <\/div>\n<\/section>\n<section class=\"ps-module ps-module--text\">\n  <div class=\"ps-module__body\">\n    <div class=\"ps-module__content\">\n      \n<p>Nous recherchons un journaliste parfaitement bilingue, de pr\u00e9f\u00e9rence langue maternelle anglais, ayant une connaissance pouss\u00e9e de l\u2019\u00e9conomie d\u2019au moins un des pays suivants : Maroc, Alg\u00e9rie, Tunisie, Egypte, Liban et Isra\u00ebl, dans l\u2019id\u00e9al avec une exp\u00e9rience dans la presse sur place (correspondant, pigiste\u2026).&#13;\nConnaissances dans d\u2019autres langues \u00e9trang\u00e8res appr\u00e9ci\u00e9es (Arabe, H\u00e9breu, Espagnol\u2026).&#13;\n&#13;\n<strong><em><a href=\"https:\/\/v2.ecomnewsmed.com.ecn-01.ovea.com\/ecomnews-med-recrute-une-e-journaliste-bilingue-anglais-francais\/\">&gt; En savoir plus.<\/a><\/em><\/strong><\/p>\n\n    <\/div>\n  <\/div>\n<\/section>\n<section class=\"ps-block ps-block--heading\" data-animated data-toggle-class=\"in-viewport\">\n  <div class=\"ps-block__container\">\n    <div class=\"ps-block__grid\">\n      <div class=\"ps-block__content\">\n        <div class=\"ps-block__body\">\n          <div class=\"ps-block__item\">\n            \n<h2>Ecomnews Med recrute un(e) journaliste Anglophone<\/h2>\n\n          <\/div>\n        <\/div>\n      <\/div>\n    <\/div>\n  <\/div>\n<\/section>\n<section class=\"ps-module ps-module--text\">\n  <div class=\"ps-module__body\">\n    <div class=\"ps-module__content\">\n      \n<p><strong>18 juillet 2017 &#8211; Contrat \u00e0 Dur\u00e9e D\u00e9termin\u00e9 CDD ou Ind\u00e9termin\u00e9 CDI<\/strong>&#13;\n<strong><em><a href=\"https:\/\/v2.ecomnewsmed.com.ecn-01.ovea.com\/ecomnews-med-recrute-une-journaliste-anglophone\/\">&gt; En savoir plus.<\/a><\/em><\/strong><\/p>\n\n    <\/div>\n  <\/div>\n<\/section>\n<section class=\"ps-block ps-block--heading\" data-animated data-toggle-class=\"in-viewport\">\n  <div class=\"ps-block__container\">\n    <div class=\"ps-block__grid\">\n      <div class=\"ps-block__content\">\n        <div class=\"ps-block__body\">\n          <div class=\"ps-block__item\">\n            \n<h2>Ecomnews Med recrute un Commercial bilingue<\/h2>\n\n          <\/div>\n        <\/div>\n      <\/div>\n    <\/div>\n  <\/div>\n<\/section>\n<section class=\"ps-module ps-module--text\">\n  <div class=\"ps-module__body\">\n    <div class=\"ps-module__content\">\n      \n<p><strong>28 mars 2017 &#8211; Contrat \u00e0 Dur\u00e9e Ind\u00e9termin\u00e9 CDI<\/strong>&#13;\n<strong><em><a href=\"https:\/\/v2.ecomnewsmed.com.ecn-01.ovea.com\/ecomnews-med-recrute-un-commercial-bilingue\/\">&gt; En savoir plus.<\/a><\/em><\/strong><\/p>\n\n    <\/div>\n  <\/div>\n<\/section>\n<section class=\"ps-block ps-block--heading\" data-animated data-toggle-class=\"in-viewport\">\n  <div class=\"ps-block__container\">\n    <div class=\"ps-block__grid\">\n      <div class=\"ps-block__content\">\n        <div class=\"ps-block__body\">\n          <div class=\"ps-block__item\">\n            \n<h2>Ecomnews Med recrute un(e) Chef de projet Anglophone<\/h2>\n\n          <\/div>\n        <\/div>\n      <\/div>\n    <\/div>\n  <\/div>\n<\/section>\n<section class=\"ps-module ps-module--text\">\n  <div class=\"ps-module__body\">\n    <div class=\"ps-module__content\">\n      \n<p><strong>23 mars 2017 &#8211; <strong>Contrat \u00e0 Dur\u00e9e D\u00e9termin\u00e9 CDD ou Ind\u00e9termin\u00e9 CDI<\/strong><\/strong>&#13;\n<strong><em><a href=\"https:\/\/v2.ecomnewsmed.com.ecn-01.ovea.com\/ecomnews-med-recrute-une-chef-de-projet-anglophone\/\">&gt; En savoir plus.<\/a><\/em><\/strong><\/p>\n\n    <\/div>\n  <\/div>\n<\/section>\n<section class=\"ps-block ps-block--heading\" data-animated data-toggle-class=\"in-viewport\">\n  <div class=\"ps-block__container\">\n    <div class=\"ps-block__grid\">\n      <div class=\"ps-block__content\">\n        <div class=\"ps-block__body\">\n          <div class=\"ps-block__item\">\n            \n<h2>Ecomnews recherche ses pigistes pour couvrir l&#8217;actualit\u00e9 \u00e9conomique des pays du sud de la M\u00e9diterran\u00e9e<\/h2>\n\n          <\/div>\n        <\/div>\n      <\/div>\n    <\/div>\n  <\/div>\n<\/section>\n<section class=\"ps-module ps-module--text\">\n  <div class=\"ps-module__body\">\n    <div class=\"ps-module__content\">\n      \n<p><strong>9 f\u00e9vrier 2016<\/strong>&#13;\n<strong><em><a href=\"https:\/\/v2.ecomnewsmed.com.ecn-01.ovea.com\/ecomnews-recherche-ses-pigistes-pour-couvrir-lactualite-economique-des-pays-du-sud-de-la-mediterranee\/\">&gt; En savoir plus.<\/a><\/em><\/strong><\/p>\n\n    <\/div>\n  <\/div>\n<\/section>\n<section class=\"ps-block ps-block--heading\" data-animated data-toggle-class=\"in-viewport\">\n  <div class=\"ps-block__container\">\n    <div class=\"ps-block__grid\">\n      <div class=\"ps-block__content\">\n        <div class=\"ps-block__body\">\n          <div class=\"ps-block__item\">\n            \n<h2>Stage Assistant(e) de communication\/community manager\/r\u00e9dacteur bas\u00e9 \u00e0 Montpellier<\/h2>\n\n          <\/div>\n        <\/div>\n      <\/div>\n    <\/div>\n  <\/div>\n<\/section>\n<section class=\"ps-module ps-module--text\">\n  <div class=\"ps-module__body\">\n    <div class=\"ps-module__content\">\n      \n<p><strong><em>9 f\u00e9v<\/em>rier 2016<em>&#13;\n<a href=\"https:\/\/v2.ecomnewsmed.com.ecn-01.ovea.com\/stage-assistante-de-communication-community-manager-redacteur-base-a-montpellier\/\">&gt; En savoir plus<\/a><\/em><\/strong><\/p>\n\n    <\/div>\n  <\/div>\n<\/section>\n","protected":false},"excerpt":{"rendered":"<p>Ecomnews Med recrute un(e) e-journaliste bilingue (anglais\/fran\u00e7ais) 4 Novembre 2019 &#8211; Contrat \u00e0 Dur\u00e9e D\u00e9termin\u00e9 CDD ou Ind\u00e9termin\u00e9 CDI Nous recherchons un journaliste parfaitement bilingue, de pr\u00e9f\u00e9rence langue maternelle anglais, ayant une connaissance pouss\u00e9e de l\u2019\u00e9conomie d\u2019au moins un des pays suivants : Maroc, Alg\u00e9rie, Tunisie, Egypte, Liban et Isra\u00ebl, dans l\u2019id\u00e9al avec une exp\u00e9rience [&hellip;]<\/p>\n","protected":false},"author":1,"featured_media":0,"parent":0,"menu_order":0,"comment_status":"closed","ping_status":"closed","template":"","meta":{"_acf_changed":false,"footnotes":""},"class_list":["post-28980","page","type-page","status-publish","hentry"],"acf":[],"yoast_head":"<!-- This site is optimized with the Yoast SEO plugin v21.9.1 - https:\/\/yoast.com\/wordpress\/plugins\/seo\/ -->\n<title>Careers - Ecomnews Med<\/title>\n<meta name=\"description\" content=\"Careers\" \/>\n<meta name=\"robots\" content=\"index, follow, max-snippet:-1, max-image-preview:large, max-video-preview:-1\" \/>\n<link rel=\"canonical\" href=\"https:\/\/www.ecomnewsmed.com\/en\/careers\/\" \/>\n<meta property=\"og:locale\" content=\"en_US\" \/>\n<meta property=\"og:type\" content=\"article\" \/>\n<meta property=\"og:title\" content=\"Careers - Ecomnews Med\" \/>\n<meta property=\"og:description\" content=\"Careers\" \/>\n<meta property=\"og:url\" content=\"https:\/\/www.ecomnewsmed.com\/en\/careers\/\" \/>\n<meta property=\"og:site_name\" content=\"Ecomnews Med\" \/>\n<meta property=\"article:modified_time\" content=\"2020-07-30T17:49:04+00:00\" \/>\n<meta name=\"twitter:card\" content=\"summary_large_image\" \/>\n<meta name=\"twitter:label1\" content=\"Est. reading time\" \/>\n\t<meta name=\"twitter:data1\" content=\"1 minute\" \/>\n<script type=\"application\/ld+json\" class=\"yoast-schema-graph\">{\"@context\":\"https:\/\/schema.org\",\"@graph\":[{\"@type\":\"WebPage\",\"@id\":\"https:\/\/www.ecomnewsmed.com\/en\/careers\/\",\"url\":\"https:\/\/www.ecomnewsmed.com\/en\/careers\/\",\"name\":\"Careers - Ecomnews Med\",\"isPartOf\":{\"@id\":\"https:\/\/www.ecomnewsmed.com\/en\/#website\"},\"datePublished\":\"2020-07-30T17:49:03+00:00\",\"dateModified\":\"2020-07-30T17:49:04+00:00\",\"description\":\"Careers\",\"breadcrumb\":{\"@id\":\"https:\/\/www.ecomnewsmed.com\/en\/careers\/#breadcrumb\"},\"inLanguage\":\"en-US\",\"potentialAction\":[{\"@type\":\"ReadAction\",\"target\":[\"https:\/\/www.ecomnewsmed.com\/en\/careers\/\"]}]},{\"@type\":\"BreadcrumbList\",\"@id\":\"https:\/\/www.ecomnewsmed.com\/en\/careers\/#breadcrumb\",\"itemListElement\":[{\"@type\":\"ListItem\",\"position\":1,\"name\":\"Accueil\",\"item\":\"https:\/\/www.ecomnewsmed.com\/en\/\"},{\"@type\":\"ListItem\",\"position\":2,\"name\":\"Careers\"}]},{\"@type\":\"WebSite\",\"@id\":\"https:\/\/www.ecomnewsmed.com\/en\/#website\",\"url\":\"https:\/\/www.ecomnewsmed.com\/en\/\",\"name\":\"Ecomnews Med\",\"description\":\"Semua informasi ekonomis dalam waktu singkat.\",\"publisher\":{\"@id\":\"https:\/\/www.ecomnewsmed.com\/en\/#organization\"},\"potentialAction\":[{\"@type\":\"SearchAction\",\"target\":{\"@type\":\"EntryPoint\",\"urlTemplate\":\"https:\/\/www.ecomnewsmed.com\/en\/?s={search_term_string}\"},\"query-input\":\"required name=search_term_string\"}],\"inLanguage\":\"en-US\"},{\"@type\":\"Organization\",\"@id\":\"https:\/\/www.ecomnewsmed.com\/en\/#organization\",\"name\":\"Ecomnewsmed\",\"url\":\"https:\/\/www.ecomnewsmed.com\/en\/\",\"logo\":{\"@type\":\"ImageObject\",\"inLanguage\":\"en-US\",\"@id\":\"https:\/\/www.ecomnewsmed.com\/en\/#\/schema\/logo\/image\/\",\"url\":\"https:\/\/www.ecomnewsmed.com\/app\/uploads\/2020\/08\/ecomewsMedLogoMid.png\",\"contentUrl\":\"https:\/\/www.ecomnewsmed.com\/app\/uploads\/2020\/08\/ecomewsMedLogoMid.png\",\"width\":250,\"height\":250,\"caption\":\"Ecomnewsmed\"},\"image\":{\"@id\":\"https:\/\/www.ecomnewsmed.com\/en\/#\/schema\/logo\/image\/\"}}]}<\/script>\n<!-- \/ Yoast SEO plugin. -->","yoast_head_json":{"title":"Careers - Ecomnews Med","description":"Careers","robots":{"index":"index","follow":"follow","max-snippet":"max-snippet:-1","max-image-preview":"max-image-preview:large","max-video-preview":"max-video-preview:-1"},"canonical":"https:\/\/www.ecomnewsmed.com\/en\/careers\/","og_locale":"en_US","og_type":"article","og_title":"Careers - Ecomnews Med","og_description":"Careers","og_url":"https:\/\/www.ecomnewsmed.com\/en\/careers\/","og_site_name":"Ecomnews Med","article_modified_time":"2020-07-30T17:49:04+00:00","twitter_card":"summary_large_image","twitter_misc":{"Est. reading time":"1 minute"},"schema":{"@context":"https:\/\/schema.org","@graph":[{"@type":"WebPage","@id":"https:\/\/www.ecomnewsmed.com\/en\/careers\/","url":"https:\/\/www.ecomnewsmed.com\/en\/careers\/","name":"Careers - Ecomnews Med","isPartOf":{"@id":"https:\/\/www.ecomnewsmed.com\/en\/#website"},"datePublished":"2020-07-30T17:49:03+00:00","dateModified":"2020-07-30T17:49:04+00:00","description":"Careers","breadcrumb":{"@id":"https:\/\/www.ecomnewsmed.com\/en\/careers\/#breadcrumb"},"inLanguage":"en-US","potentialAction":[{"@type":"ReadAction","target":["https:\/\/www.ecomnewsmed.com\/en\/careers\/"]}]},{"@type":"BreadcrumbList","@id":"https:\/\/www.ecomnewsmed.com\/en\/careers\/#breadcrumb","itemListElement":[{"@type":"ListItem","position":1,"name":"Accueil","item":"https:\/\/www.ecomnewsmed.com\/en\/"},{"@type":"ListItem","position":2,"name":"Careers"}]},{"@type":"WebSite","@id":"https:\/\/www.ecomnewsmed.com\/en\/#website","url":"https:\/\/www.ecomnewsmed.com\/en\/","name":"Ecomnews Med","description":"Semua informasi ekonomis dalam waktu singkat.","publisher":{"@id":"https:\/\/www.ecomnewsmed.com\/en\/#organization"},"potentialAction":[{"@type":"SearchAction","target":{"@type":"EntryPoint","urlTemplate":"https:\/\/www.ecomnewsmed.com\/en\/?s={search_term_string}"},"query-input":"required name=search_term_string"}],"inLanguage":"en-US"},{"@type":"Organization","@id":"https:\/\/www.ecomnewsmed.com\/en\/#organization","name":"Ecomnewsmed","url":"https:\/\/www.ecomnewsmed.com\/en\/","logo":{"@type":"ImageObject","inLanguage":"en-US","@id":"https:\/\/www.ecomnewsmed.com\/en\/#\/schema\/logo\/image\/","url":"https:\/\/www.ecomnewsmed.com\/app\/uploads\/2020\/08\/ecomewsMedLogoMid.png","contentUrl":"https:\/\/www.ecomnewsmed.com\/app\/uploads\/2020\/08\/ecomewsMedLogoMid.png","width":250,"height":250,"caption":"Ecomnewsmed"},"image":{"@id":"https:\/\/www.ecomnewsmed.com\/en\/#\/schema\/logo\/image\/"}}]}},"_links":{"self":[{"href":"https:\/\/www.ecomnewsmed.com\/en\/wp-json\/wp\/v2\/pages\/28980"}],"collection":[{"href":"https:\/\/www.ecomnewsmed.com\/en\/wp-json\/wp\/v2\/pages"}],"about":[{"href":"https:\/\/www.ecomnewsmed.com\/en\/wp-json\/wp\/v2\/types\/page"}],"author":[{"embeddable":true,"href":"https:\/\/www.ecomnewsmed.com\/en\/wp-json\/wp\/v2\/users\/1"}],"replies":[{"embeddable":true,"href":"https:\/\/www.ecomnewsmed.com\/en\/wp-json\/wp\/v2\/comments?post=28980"}],"version-history":[{"count":1,"href":"https:\/\/www.ecomnewsmed.com\/en\/wp-json\/wp\/v2\/pages\/28980\/revisions"}],"predecessor-version":[{"id":28981,"href":"https:\/\/www.ecomnewsmed.com\/en\/wp-json\/wp\/v2\/pages\/28980\/revisions\/28981"}],"wp:attachment":[{"href":"https:\/\/www.ecomnewsmed.com\/en\/wp-json\/wp\/v2\/media?parent=28980"}],"curies":[{"name":"wp","href":"https:\/\/api.w.org\/{rel}","templated":true}]}}